{"id":15,"date":"2022-09-15T09:35:06","date_gmt":"2022-09-15T07:35:06","guid":{"rendered":"https:\/\/www.2femmesspectacle.com\/?page_id=15"},"modified":"2022-10-23T16:24:33","modified_gmt":"2022-10-23T14:24:33","slug":"la-compagnie","status":"publish","type":"page","link":"https:\/\/www.2femmesspectacle.com\/","title":{"rendered":"\u2022 La compagnie \u2022"},"content":{"rendered":"\r\n<p class=\"has-text-align-left\">La compagnie 2femmes_spectacle a \u00e9t\u00e9 fond\u00e9e afin de d\u00e9velopper diverses productions artistiques autour du th\u00e9\u00e2tre : de l\u2019\u00e9criture de textes \u00e0 la mise en sc\u00e8ne de spectacles vivants en passant par la r\u00e9alisation de podcasts.<\/p>\r\n\r\n\r\n\r\n<p class=\"has-text-align-left\">\u00c9lise et Dominique, les \u00ab\u00a02femmes_spectacle\u00a0\u00bb co-fondatrices de la compagnie, se sont retrouv\u00e9es autour de l\u2019envie de cr\u00e9er puis de l\u2019\u00e9vidence de <strong><em>cr\u00e9er ensemble<\/em><\/strong>.\u00a0<\/p>\r\n\r\n\r\n\r\n<p class=\"has-text-align-left\">Convaincues que m\u00ealer les sensibilit\u00e9s et les talents artistiques stimule la cr\u00e9ativit\u00e9, les 2femmes_spectacle composent, au gr\u00e9 des rencontres et pour chaque nouveau projet, une \u00e9quipe de personnes anim\u00e9es par la m\u00eame passion pour l\u2019art et partageant le m\u00eame enthousiasme<span style=\"color: #000000;\">&#8230;<\/span><\/p>\r\n\r\n\r\n\r\n<p class=\"has-text-align-center has-vivid-red-color has-text-color has-small-font-size\" style=\"text-align: center;\"><strong><span style=\"color: #ff0000;\"><span style=\"color: #000000;\">Voir aussi <span style=\"color: #e90900;\">:<\/span> <a style=\"color: #000000;\" href=\"https:\/\/www.2femmesspectacle.com\/?page_id=34\" data-type=\"URL\" data-id=\"https:\/\/www.2femmesspectacle.com\/?page_id=34\">L&rsquo;association<\/a><span style=\"color: #e90900;\"> \u2022<\/span> <a href=\"https:\/\/www.2femmesspectacle.com\/?page_id=492\">L&rsquo;\u00e9quipe\u00a0<\/a><\/span><\/span><\/strong><\/p>\r\n<p>&nbsp;<\/p>\r\n","protected":false},"excerpt":{"rendered":"<p>La compagnie 2femmes_spectacle a \u00e9t\u00e9 fond\u00e9e afin de d\u00e9velopper diverses productions artistiques autour du th\u00e9\u00e2tre : de l\u2019\u00e9criture de textes \u00e0 la mise en sc\u00e8ne de spectacles vivants en passant par la r\u00e9alisation de podcasts. \u00c9lise et Dominique, les \u00ab\u00a02femmes_spectacle\u00a0\u00bb co-fondatrices de la compagnie, se sont retrouv\u00e9es autour de l\u2019envie de cr\u00e9er puis de l\u2019\u00e9vidence&#8230;<\/p>\n","protected":false},"author":1,"featured_media":0,"parent":0,"menu_order":1,"comment_status":"closed","ping_status":"closed","template":"","meta":{"footnotes":""},"class_list":["post-15","page","type-page","status-publish","hentry"],"jetpack_sharing_enabled":true,"_links":{"self":[{"href":"https:\/\/www.2femmesspectacle.com\/index.php?rest_route=\/wp\/v2\/pages\/15","targetHints":{"allow":["GET"]}}],"collection":[{"href":"https:\/\/www.2femmesspectacle.com\/index.php?rest_route=\/wp\/v2\/pages"}],"about":[{"href":"https:\/\/www.2femmesspectacle.com\/index.php?rest_route=\/wp\/v2\/types\/page"}],"author":[{"embeddable":true,"href":"https:\/\/www.2femmesspectacle.com\/index.php?rest_route=\/wp\/v2\/users\/1"}],"replies":[{"embeddable":true,"href":"https:\/\/www.2femmesspectacle.com\/index.php?rest_route=%2Fwp%2Fv2%2Fcomments&post=15"}],"version-history":[{"count":26,"href":"https:\/\/www.2femmesspectacle.com\/index.php?rest_route=\/wp\/v2\/pages\/15\/revisions"}],"predecessor-version":[{"id":510,"href":"https:\/\/www.2femmesspectacle.com\/index.php?rest_route=\/wp\/v2\/pages\/15\/revisions\/510"}],"wp:attachment":[{"href":"https:\/\/www.2femmesspectacle.com\/index.php?rest_route=%2Fwp%2Fv2%2Fmedia&parent=15"}],"curies":[{"name":"wp","href":"https:\/\/api.w.org\/{rel}","templated":true}]}}